{"id":68,"date":"2020-02-03T13:33:03","date_gmt":"2020-02-03T13:33:03","guid":{"rendered":"https:\/\/www.eqfinance.ca\/?page_id=68"},"modified":"2020-03-28T00:21:04","modified_gmt":"2020-03-28T00:21:04","slug":"renovations","status":"publish","type":"page","link":"https:\/\/www.eqfinance.ca\/fr\/renovations\/","title":{"rendered":"R\u00e9novations"},"content":{"rendered":"<p>D\u00e9sirez-vous donner de la valeur \u00e0 votre immeuble? Nous pouvons aider, en pr\u00eatant sur votre immeuble pour vous permettre de faire les travaux que vous d\u00e9sirez!<\/p>\n","protected":false},"excerpt":{"rendered":"<p>D\u00e9sirez-vous donner de la valeur \u00e0 votre immeuble? Nous pouvons aider, en pr\u00eatant sur votre immeuble pour vous permettre de faire les travaux que vous d\u00e9sirez!<\/p>\n","protected":false},"author":1,"featured_media":125,"parent":0,"menu_order":0,"comment_status":"closed","ping_status":"closed","template":"","meta":{"footnotes":""},"class_list":["post-68","page","type-page","status-publish","has-post-thumbnail","hentry"],"_links":{"self":[{"href":"https:\/\/www.eqfinance.ca\/fr\/wp-json\/wp\/v2\/pages\/68","targetHints":{"allow":["GET"]}}],"collection":[{"href":"https:\/\/www.eqfinance.ca\/fr\/wp-json\/wp\/v2\/pages"}],"about":[{"href":"https:\/\/www.eqfinance.ca\/fr\/wp-json\/wp\/v2\/types\/page"}],"author":[{"embeddable":true,"href":"https:\/\/www.eqfinance.ca\/fr\/wp-json\/wp\/v2\/users\/1"}],"replies":[{"embeddable":true,"href":"https:\/\/www.eqfinance.ca\/fr\/wp-json\/wp\/v2\/comments?post=68"}],"version-history":[{"count":3,"href":"https:\/\/www.eqfinance.ca\/fr\/wp-json\/wp\/v2\/pages\/68\/revisions"}],"predecessor-version":[{"id":224,"href":"https:\/\/www.eqfinance.ca\/fr\/wp-json\/wp\/v2\/pages\/68\/revisions\/224"}],"wp:featuredmedia":[{"embeddable":true,"href":"https:\/\/www.eqfinance.ca\/fr\/wp-json\/wp\/v2\/media\/125"}],"wp:attachment":[{"href":"https:\/\/www.eqfinance.ca\/fr\/wp-json\/wp\/v2\/media?parent=68"}],"curies":[{"name":"wp","href":"https:\/\/api.w.org\/{rel}","templated":true}]}}