{"id":10,"date":"2020-01-21T07:27:18","date_gmt":"2020-01-21T07:27:18","guid":{"rendered":"https:\/\/www.eqfinance.ca\/?page_id=10"},"modified":"2023-06-21T15:22:28","modified_gmt":"2023-06-21T15:22:28","slug":"home","status":"publish","type":"page","link":"https:\/\/www.eqfinance.ca\/fr\/","title":{"rendered":"Notre mission"},"content":{"rendered":"<p>Notre mission : Simplement dit, nous offrons une solution de financement rapide, fiable, flexible et facile aux propri\u00e9taires d\u2019immeuble.<\/p>\n<p>Voyez-nous comme une alternative \u00e0 la banque. Notre approche personnalis\u00e9e permet d\u2019offrir des solutions de financement faites sur mesure.<\/p>\n<p>EQ : Pr\u00eateurs sur \u00c9QUIT\u00c9. S\u2019il y a de l\u2019\u00e9quit\u00e9 (valeur) dans votre immeuble, vous pouvez vous fier sur nous.<\/p>\n","protected":false},"excerpt":{"rendered":"<p>Notre mission : Simplement dit, nous offrons une solution de financement rapide, fiable, flexible et facile aux propri\u00e9taires d\u2019immeuble. Voyez-nous comme une alternative \u00e0 la banque. Notre approche personnalis\u00e9e permet d\u2019offrir des solutions de financement faites sur mesure. EQ : Pr\u00eateurs sur \u00c9QUIT\u00c9. S\u2019il y a de l\u2019\u00e9quit\u00e9 (valeur) dans votre immeuble, vous pouvez vous fier sur nous.<\/p>\n","protected":false},"author":1,"featured_media":0,"parent":0,"menu_order":0,"comment_status":"closed","ping_status":"closed","template":"home.php","meta":{"footnotes":""},"class_list":["post-10","page","type-page","status-publish","hentry"],"_links":{"self":[{"href":"https:\/\/www.eqfinance.ca\/fr\/wp-json\/wp\/v2\/pages\/10","targetHints":{"allow":["GET"]}}],"collection":[{"href":"https:\/\/www.eqfinance.ca\/fr\/wp-json\/wp\/v2\/pages"}],"about":[{"href":"https:\/\/www.eqfinance.ca\/fr\/wp-json\/wp\/v2\/types\/page"}],"author":[{"embeddable":true,"href":"https:\/\/www.eqfinance.ca\/fr\/wp-json\/wp\/v2\/users\/1"}],"replies":[{"embeddable":true,"href":"https:\/\/www.eqfinance.ca\/fr\/wp-json\/wp\/v2\/comments?post=10"}],"version-history":[{"count":7,"href":"https:\/\/www.eqfinance.ca\/fr\/wp-json\/wp\/v2\/pages\/10\/revisions"}],"predecessor-version":[{"id":284,"href":"https:\/\/www.eqfinance.ca\/fr\/wp-json\/wp\/v2\/pages\/10\/revisions\/284"}],"wp:attachment":[{"href":"https:\/\/www.eqfinance.ca\/fr\/wp-json\/wp\/v2\/media?parent=10"}],"curies":[{"name":"wp","href":"https:\/\/api.w.org\/{rel}","templated":true}]}}